{"id":16,"date":"2019-05-08T11:39:31","date_gmt":"2019-05-08T09:39:31","guid":{"rendered":"http:\/\/vlogin.kul.pl\/?page_id=16"},"modified":"2019-07-11T22:30:45","modified_gmt":"2019-07-11T20:30:45","slug":"o-projekcie","status":"publish","type":"page","link":"https:\/\/vlogin.kul.pl\/","title":{"rendered":"O projekcie"},"content":{"rendered":"\n<p style=\"text-align:left\" class=\"justify\">Projekt&nbsp;<strong>Lubelska Koalicja na rzecz Integracji<\/strong> jest wsp\u00f3\u0142finansowany ze \u015brodk\u00f3w Funduszu Azylu, Migracji i Integracji oraz bud\u017cetu pa\u0144stwa. Realizacja projektu rozpocz\u0119\u0142a si\u0119 1 lipca 2018 r., za\u015b docelowo projekt b\u0119dzie realizowany do 30 czerwca 2018 r. Bud\u017cet ca\u0142kowity projektu wynosi 2960997,05 z\u0142, z czego wk\u0142ad ze \u015brodk\u00f3w Funduszu Azylu, Migracji i Integracji wynosi 2220747,79 z\u0142.&nbsp;<\/p>\n\n\n\n<p class=\"justify\"><strong>Projekt Lubelska Koalicja na rzecz Integracji skierowany jest do cudzoziemc\u00f3w, kt\u00f3rzy nie posiadaj\u0105 obywatelstwa \u017cadnego z kraj\u00f3w UE, a jednocze\u015bnie nale\u017c\u0105 przynajmniej do jednej ni\u017cej wymienionych grup:<\/strong><\/p>\n\n\n\n<p class=\"justify\">a) s\u0105&nbsp;studentami szk\u00f3\u0142 wy\u017cszych w Lublinie lub uczestnikami kurs\u00f3w przygotowawczych na studia;<\/p>\n\n\n\n<p class=\"justify\">b) s\u0105&nbsp;uczniami lub s\u0142uchaczami szk\u00f3\u0142: podstawowych, gimnazj\u00f3w, szk\u00f3\u0142 \u015brednich, szk\u00f3\u0142 policealnych, pomaturalnych i artystycznych;<\/p>\n\n\n\n<p>c) s\u0105&nbsp;osobami pracuj\u0105cymi lub cz\u0142onkami rodziny osoby pracuj\u0105cej;<\/p>\n\n\n\n<p>d) s\u0105 osobami poszukuj\u0105cymi pracy lub cz\u0142onkami rodziny osoby poszukuj\u0105cej pracy;<\/p>\n\n\n\n<p>e) s\u0105 liderami \u015brodowisk migranckich.<\/p>\n\n\n\n<p class=\"justify\">Uczestnicy w ramach projektu korzystaj\u0105 z mo\u017cliwo\u015bci m.in. poznawania kultury i historii Polski, nauki j\u0119zyka polskiego, udzia\u0142u w ciekawych wydarzeniach kulturalnych, integracji ze studentami polskimi i zagranicznymi.&nbsp;<\/p>\n\n\n\n<p style=\"text-align:center\" class=\"has-medium-font-size\"><strong>Udzia\u0142 w projekcie jest bezp\u0142atny!<\/strong><\/p>\n\n\n\n<p class=\"justify\"><strong>W ramach projektu Lubelska Koalicja na rzecz Integracji przewidziane s\u0105 nast\u0119puj\u0105ce dzia\u0142ania:<\/strong><\/p>\n\n\n\n<ul class=\"justify wp-block-list\"><li><strong>Punkt wsparcia migrant\u00f3w<\/strong> (dzia\u0142ania integracyjne, pomoc psychologiczn\u0105, informacj\u0119 w bie\u017c\u0105cych sprawach i problemach)<\/li><li><strong>Common Room<\/strong>, czyli pomieszczenie na KUL, kt\u00f3re pos\u0142u\u017cy integracji uczestnik\u00f3w projektu oraz wolontariuszy z Polski<\/li><li><strong>Summer School <\/strong>(9-dniowe zaj\u0119cia pn.&nbsp;<em>Protection of Migrants\u2019 Rights<\/em>, tematyka zaj\u0119\u0107 obejmuje: 1) Ochrona praw cz\u0142owieka w Polsce; 2) Organizacja systemu s\u0105downictwa i administracji pa\u0144stwowej; 3) NGO i organizacje mi\u0119dzynarodowe; 4) Zarys europejskiego prawa migracyjnego; 5) Skarga do ETPCZ<\/li><li><strong>\u015awietlica integracyjno-opieku\u0144cza dla dzieci migrant\u00f3w<\/strong> (dzieci w wieku 6-10 lat b\u0119d\u0105 mia\u0142y mo\u017cliwo\u015b\u0107 otrzymania wsparcia w obowi\u0105zkach szkolnych, wyr\u00f3wnania wiedzy z zakresu j. polskiego, itp.)<\/li><li><strong>Grupa wsparcia dla rodzic\u00f3w cudzoziemc\u00f3w<\/strong> (program pozwala na rozwini\u0119cie kompetencji spo\u0142ecznych, poprawienie komunikacji w rodzinie, budowanie grupy wzajemnego wspierania si\u0119 rodzic\u00f3w)&nbsp;<\/li><li><strong>Orientation week <\/strong>\u2013 celem tego dzia\u0142ania jest zapoznanie student\u00f3w z \u017cyciem w Polsce i studiowaniem<\/li><li><strong>Wycieczki edukacyjne<\/strong>, kt\u00f3re umo\u017cliwi\u0105 cudzoziemcom poszerzenie wiedzy w zakresie geografii, historii i kultury regionu Lubelszczyzny<\/li><li><strong>Szkolenia integracyjno-kulturowe oraz kursy adaptacyjne<\/strong><\/li><li><strong>Szkolenia z kompetencji mi\u0119kkich potrzebnych na rynku pracy<\/strong>, kt\u00f3re b\u0119d\u0105 obejmowa\u0142y takie zagadnienia jak: warsztaty z kreatywno\u015bci, warsztaty z przygotowania CV i listu motywacyjnego, trening autoprezentacji itd.<\/li><li><strong>Kursy j\u0119zyka polskiego jako drugiego j\u0119zyka <\/strong>dla dzieci, m\u0142odzie\u017cy, doros\u0142ych, zar\u00f3wno intensywne jak i roczne, w formie kurs\u00f3w og\u00f3lnych jak i specjalistycznych<\/li><li><strong>Zaj\u0119cia wyr\u00f3wnawcze dla dzieci i m\u0142odzie\u017cy<\/strong>, w zakresie wiedzy niezb\u0119dnej do kontynuacji edukacji w Polsce<\/li><\/ul>\n\n\n\n<p class=\"justify\">Zgodnie z wytycznymi Funduszu Azylu, Migracji i Integracji dla celu szczeg\u00f3\u0142owego: Integracja\/ legalna migracja uczestnikami projektu mog\u0105 r\u00f3wnie\u017c by\u0107 przedstawiciele instytucji publicznych zajmuj\u0105cych si\u0119 cudzoziemcami oraz pracownicy socjalni, psychologowie, pedagogowie, kuratorowie, asystenci rodziny, dzia\u0142acze organizacji kt\u00f3re wspieraj\u0105 migrant\u00f3w w \u015brodowisku lubelskim. Do tej grupy os\u00f3b skierowane s\u0105 specjalistyczne szkolenia, kt\u00f3rych celem jest budowanie zdolno\u015bci do lepszej obs\u0142ugi cudzoziemc\u00f3w. Szkolenia te, to:<\/p>\n\n\n\n<ul class=\"justify wp-block-list\"><li>Szkolenie specjalistyczne przygotowuj\u0105ce do pe\u0142nienia roli \u201eAsystenta migranta\u201d \u2013 pozwol\u0105 one naby\u0107 wiedz\u0119 i kompetencje oraz praktyczne umiej\u0119tno\u015bci w zakresie wspierania migrant\u00f3w\u00a0<\/li><li>Warsztaty z kompetencji mi\u0119dzykulturowych, kt\u00f3re b\u0119d\u0105 mia\u0142y form\u0119 certyfikowanych szkole\u0144 podnosz\u0105cych kompetencje praktyczne<\/li><\/ul>\n\n\n\n<p style=\"text-align:center\"><strong>W razie potrzeby w Biurze rekrutacji mo\u017cna uzyska\u0107 pomoc w wype\u0142nianiu dokument\u00f3w.<\/strong><\/p>\n\n\n\n<p style=\"text-align:center\" class=\"has-medium-font-size\"><strong>Do\u0142\u0105cz do nas!<\/strong><\/p>\n\n\n\n<p style=\"text-align:center\" class=\"has-small-font-size\">Projekt realizowany jest przez Wojewod\u0119 Lubelskiego \u2013 Lidera oraz partner\u00f3w: Fundacja Instytutu na Rzecz Pa\u0144stwa Prawa oraz Katolicki Uniwersytet Lubelski Jana Paw\u0142a II.&nbsp;<\/p>\n","protected":false},"excerpt":{"rendered":"<p>Projekt&nbsp;Lubelska Koalicja na rzecz Integracji jest wsp\u00f3\u0142finansowany ze \u015brodk\u00f3w Funduszu Azylu, Migracji i Integracji oraz bud\u017cetu pa\u0144stwa. Realizacja projektu rozpocz\u0119\u0142a si\u0119 1 lipca 2018 r., za\u015b docelowo projekt b\u0119dzie realizowany do 30 czerwca 2018 r. Bud\u017cet ca\u0142kowity projektu wynosi 2960997,05 z\u0142, z czego wk\u0142ad ze \u015brodk\u00f3w Funduszu Azylu, Migracji i Integracji wynosi 2220747,79 z\u0142.&nbsp; Projekt [&hellip;]<\/p>\n","protected":false},"author":1,"featured_media":0,"parent":0,"menu_order":0,"comment_status":"closed","ping_status":"closed","template":"","meta":{"footnotes":""},"class_list":["post-16","page","type-page","status-publish","hentry"],"_links":{"self":[{"href":"https:\/\/vlogin.kul.pl\/index.php\/wp-json\/wp\/v2\/pages\/16","targetHints":{"allow":["GET"]}}],"collection":[{"href":"https:\/\/vlogin.kul.pl\/index.php\/wp-json\/wp\/v2\/pages"}],"about":[{"href":"https:\/\/vlogin.kul.pl\/index.php\/wp-json\/wp\/v2\/types\/page"}],"author":[{"embeddable":true,"href":"https:\/\/vlogin.kul.pl\/index.php\/wp-json\/wp\/v2\/users\/1"}],"replies":[{"embeddable":true,"href":"https:\/\/vlogin.kul.pl\/index.php\/wp-json\/wp\/v2\/comments?post=16"}],"version-history":[{"count":12,"href":"https:\/\/vlogin.kul.pl\/index.php\/wp-json\/wp\/v2\/pages\/16\/revisions"}],"predecessor-version":[{"id":155,"href":"https:\/\/vlogin.kul.pl\/index.php\/wp-json\/wp\/v2\/pages\/16\/revisions\/155"}],"wp:attachment":[{"href":"https:\/\/vlogin.kul.pl\/index.php\/wp-json\/wp\/v2\/media?parent=16"}],"curies":[{"name":"wp","href":"https:\/\/api.w.org\/{rel}","templated":true}]}}