{"id":24,"date":"2019-05-08T11:53:59","date_gmt":"2019-05-08T09:53:59","guid":{"rendered":"http:\/\/vlogin.kul.pl\/?page_id=24"},"modified":"2019-05-17T00:30:06","modified_gmt":"2019-05-16T22:30:06","slug":"kontakt","status":"publish","type":"page","link":"https:\/\/vlogin.kul.pl\/index.php\/kontakt\/","title":{"rendered":"Kontakt"},"content":{"rendered":"\n<p class=\"has-text-color has-very-dark-gray-color\">Informacje na temat projektu i realizowanych dzia\u0142a\u0144 mog\u0105 uzyska\u0107 Pa\u0144stwo:<\/p>\n\n\n\n<ul class=\"wp-block-list\"><li>pod numerem telefonu: 81&nbsp;445&nbsp;41&nbsp;66<\/li><li>za pomoc\u0105 email:&nbsp;<a href=\"mailto:lki@kul.pl\">lki@kul.pl<\/a><\/li><li>od poniedzia\u0142ku do pi\u0105tku w godzinach 8:00 \u2013 15:00 w siedzibie biura projektu<\/li><\/ul>\n\n\n\n<p style=\"text-align:left\">Gmach G\u0142\u00f3wny,&nbsp;p.&nbsp;GG-200<br>Katolicki&nbsp;Uniwersytet&nbsp;Lubelski&nbsp;Jana&nbsp;Paw\u0142a&nbsp;II<br>Al.&nbsp;Rac\u0142awickie&nbsp;14<br>20-950&nbsp;Lublin<\/p>\n\n\n\n<p style=\"text-align:center\">Mo\u017cna r\u00f3wnie\u017c znale\u017a\u0107 nas na Facebooku:\u00a0<br><a href=\"https:\/\/www.facebook.com\/LublinCoalitionForIntegration\/?view_public_for=429436840874611\">@LublinCoalitionForIntegration<\/a><\/p>\n\n\n\n<p><\/p>\n\n\n\n<p><\/p>\n\n\n\n<p style=\"text-align:center\"> Strona g\u0142\u00f3wna projektu: <\/p>\n\n\n\n<div class=\"wp-block-image\"><figure class=\"aligncenter\"><a href=\"https:\/\/www.kul.pl\/18772.html\" target=\"_blank\" rel=\"noreferrer noopener\"><img loading=\"lazy\" decoding=\"async\" width=\"325\" height=\"82\" src=\"https:\/\/vlogin.kul.pl\/wp-content\/uploads\/2019\/05\/LOGO_Header.png\" alt=\"\" class=\"wp-image-23\" srcset=\"https:\/\/vlogin.kul.pl\/wp-content\/uploads\/2019\/05\/LOGO_Header.png 325w, https:\/\/vlogin.kul.pl\/wp-content\/uploads\/2019\/05\/LOGO_Header-300x76.png 300w\" sizes=\"auto, (max-width: 325px) 100vw, 325px\" \/><\/a><\/figure><\/div>\n\n\n\n<p><\/p>\n","protected":false},"excerpt":{"rendered":"<p>Informacje na temat projektu i realizowanych dzia\u0142a\u0144 mog\u0105 uzyska\u0107 Pa\u0144stwo: pod numerem telefonu: 81&nbsp;445&nbsp;41&nbsp;66 za pomoc\u0105 email:&nbsp;lki@kul.pl od poniedzia\u0142ku do pi\u0105tku w godzinach 8:00 \u2013 15:00 w siedzibie biura projektu Gmach G\u0142\u00f3wny,&nbsp;p.&nbsp;GG-200Katolicki&nbsp;Uniwersytet&nbsp;Lubelski&nbsp;Jana&nbsp;Paw\u0142a&nbsp;IIAl.&nbsp;Rac\u0142awickie&nbsp;1420-950&nbsp;Lublin Mo\u017cna r\u00f3wnie\u017c znale\u017a\u0107 nas na Facebooku:\u00a0@LublinCoalitionForIntegration Strona g\u0142\u00f3wna projektu:<\/p>\n","protected":false},"author":1,"featured_media":0,"parent":0,"menu_order":0,"comment_status":"closed","ping_status":"closed","template":"template-contact.php","meta":{"footnotes":""},"class_list":["post-24","page","type-page","status-publish","hentry"],"_links":{"self":[{"href":"https:\/\/vlogin.kul.pl\/index.php\/wp-json\/wp\/v2\/pages\/24","targetHints":{"allow":["GET"]}}],"collection":[{"href":"https:\/\/vlogin.kul.pl\/index.php\/wp-json\/wp\/v2\/pages"}],"about":[{"href":"https:\/\/vlogin.kul.pl\/index.php\/wp-json\/wp\/v2\/types\/page"}],"author":[{"embeddable":true,"href":"https:\/\/vlogin.kul.pl\/index.php\/wp-json\/wp\/v2\/users\/1"}],"replies":[{"embeddable":true,"href":"https:\/\/vlogin.kul.pl\/index.php\/wp-json\/wp\/v2\/comments?post=24"}],"version-history":[{"count":9,"href":"https:\/\/vlogin.kul.pl\/index.php\/wp-json\/wp\/v2\/pages\/24\/revisions"}],"predecessor-version":[{"id":87,"href":"https:\/\/vlogin.kul.pl\/index.php\/wp-json\/wp\/v2\/pages\/24\/revisions\/87"}],"wp:attachment":[{"href":"https:\/\/vlogin.kul.pl\/index.php\/wp-json\/wp\/v2\/media?parent=24"}],"curies":[{"name":"wp","href":"https:\/\/api.w.org\/{rel}","templated":true}]}}